{"id":17,"date":"2022-09-04T20:42:01","date_gmt":"2022-09-04T20:42:01","guid":{"rendered":"http:\/\/panleb.com\/?page_id=17"},"modified":"2024-09-18T04:20:07","modified_gmt":"2024-09-18T04:20:07","slug":"sobre-nuestra-firma-legal","status":"publish","type":"page","link":"https:\/\/panleb.com\/en\/sobre-nuestra-firma-legal\/","title":{"rendered":"Sobre Nuestra Firma Legal"},"content":{"rendered":"<div class=\"wpb-content-wrapper\"><div class=\"vc_row wpb_row vc_row-fluid la_fp_slide la_fp_child_section\"><div class=\"wpb_column vc_column_container vc_col-sm-12\"><div class=\"vc_column-inner\"><div class=\"wpb_wrapper\">\n\t<div class=\"wpb_text_column wpb_content_element\" >\n\t\t<div class=\"wpb_wrapper\">\n\t\t\t<h3 class=\"wp-block-heading\">TRAYECTORIA &#8211; NUESTRA FIRMA LEGAL<\/h3>\n<p>With a hands-on approach and a unique blend of legal and business experience,\u00a0<strong>Panama Legal Business<\/strong>\u00a0focuses on attending to all legal aspects of your business,\u00a0<strong>since 2006.\u00a0<\/strong><\/p>\n<h3 class=\"wp-block-heading\">KNOWLEDGE<\/h3>\n<p>We represent local and international clients from different sectors, highlighting:\u00a0<strong>Construction, Real Estate, Energy and Retail,<\/strong>\u00a0with a high degree of specialization in\u00a0<strong>Corporate and Commercial Law, Real Estate, Litigation, Labor Law and Migration.\u00a0<\/strong>\u00a0<\/p>\n<h3 class=\"wp-block-heading\">HIGHLIGHTS US<\/h3>\n<p>We design strategies tailored to your business and legal needs.<\/p>\n<p>We fully understand the business movement, which allows us to provide complete legal advice, from the pre-establishment of your business, start of operations and your daily activities.<\/p>\n<p>Our team<\/p>\n<h2 class=\"wp-block-heading\">Discipline, Delivery and Commitment to our clients are the values shared by the professionals of Panama Legal Business, led by Mr. Abel Navarro.\u00a0<\/h2>\n<h2 class=\"wp-block-heading\">Abel\u00a0Navarro B.<\/h2>\n<h2 class=\"wp-block-heading\"><strong>President and Lawyer<\/strong><\/h2>\n<p>For more than a decade, Abel Navarro Batista has provided business legal advice to companies and entrepreneurs in the main economic sectors in Panama, including construction, real estate, energy and retail.<\/p>\n<p>His experience focuses on matters related to the areas of Corporate and Commercial Law, Litigation, Real Estate Law, Regulated Commercial Activities (energy, telecommunications, others), Labor and Immigration, as well as Intellectual Property Rights.<\/p>\n<p>He was a professor at the Autonomous University of Chiriqu\u00ed where he taught Civil Procedural Law and Commercial Law.<\/p>\n<p>Es egresado de la facultad de Derecho y Ciencias Pol\u00edticas de la Universidad de Panam\u00e1 \u00a0(2005), durante ese mismo a\u00f1o obtuvo su idoneidad.\u00a0 Luego de ejercer cargo p\u00fablico en el \u00d3rgano Judicial en el a\u00f1o 2006 funda\u00a0<strong>Panama Legal Business.<\/strong><\/p>\n<p>\u200b<\/p>\n<p>&nbsp;<\/p>\n\n\t\t<\/div>\n\t<\/div>\n<\/div><\/div><\/div><\/div><\/div>","protected":false},"excerpt":{"rendered":"TRAYECTORIA - NUESTRA FIRMA LEGAL Con un enfoque pr\u00e1ctico y con una mezcla \u00fanica de experiencia legal y empresarial,\u00a0Panama Legal Business\u00a0se enfoca en atender todos los aspectos legales de su negocio,\u00a0desde 2006.\u00a0 CONOCIMIENTO Representamos clientes locales como internacionales de distintos sectores, destacando:\u00a0Construcci\u00f3n, Inmobiliario, Energ\u00eda y Retail,\u00a0con un alto grado de especializaci\u00f3n en\u00a0Derecho Corporativo y Comercial, Inmobiliario, Litigios, Derecho Laboral y Migraci\u00f3n.\u00a0\u00a0 NOS DESTACA Dise\u00f1amos estrategias a la medida de sus necesidades empresariales y legales. Conocemos a cabalidad el movimiento empresarial, lo que nos permite brindar una asesor\u00eda legal completa, desde el pre-establecimiento de su negocio, inicio de operaciones y sus&hellip;","protected":false},"author":1,"featured_media":0,"parent":0,"menu_order":0,"comment_status":"closed","ping_status":"closed","template":"","meta":{"_monsterinsights_skip_tracking":false,"_monsterinsights_sitenote_active":false,"_monsterinsights_sitenote_note":"","_monsterinsights_sitenote_category":0,"footnotes":""},"class_list":["post-17","page","type-page","status-publish","hentry"],"aioseo_notices":[],"_links":{"self":[{"href":"https:\/\/panleb.com\/en\/wp-json\/wp\/v2\/pages\/17","targetHints":{"allow":["GET"]}}],"collection":[{"href":"https:\/\/panleb.com\/en\/wp-json\/wp\/v2\/pages"}],"about":[{"href":"https:\/\/panleb.com\/en\/wp-json\/wp\/v2\/types\/page"}],"author":[{"embeddable":true,"href":"https:\/\/panleb.com\/en\/wp-json\/wp\/v2\/users\/1"}],"replies":[{"embeddable":true,"href":"https:\/\/panleb.com\/en\/wp-json\/wp\/v2\/comments?post=17"}],"version-history":[{"count":4,"href":"https:\/\/panleb.com\/en\/wp-json\/wp\/v2\/pages\/17\/revisions"}],"predecessor-version":[{"id":3751,"href":"https:\/\/panleb.com\/en\/wp-json\/wp\/v2\/pages\/17\/revisions\/3751"}],"wp:attachment":[{"href":"https:\/\/panleb.com\/en\/wp-json\/wp\/v2\/media?parent=17"}],"curies":[{"name":"wp","href":"https:\/\/api.w.org\/{rel}","templated":true}]}}