{"id":2890,"date":"2022-09-25T02:55:22","date_gmt":"2022-09-25T02:55:22","guid":{"rendered":"http:\/\/panleb.com\/?page_id=2890"},"modified":"2022-09-26T02:24:11","modified_gmt":"2022-09-26T02:24:11","slug":"equipo-legal","status":"publish","type":"page","link":"https:\/\/panleb.com\/en\/equipo-legal\/","title":{"rendered":"Legal Team"},"content":{"rendered":"<div class=\"wpb-content-wrapper\"><div class=\"vc_row wpb_row vc_row-fluid section-intro vc_custom_1664076509593 la_fp_slide la_fp_child_section\"><div class=\"wpb_column vc_column_container vc_col-sm-12 vc_col-lg-offset-1 vc_col-lg-10\"><div class=\"vc_column-inner\"><div class=\"wpb_wrapper\">\n\t<div class=\"wpb_text_column wpb_content_element\" >\n\t\t<div class=\"wpb_wrapper\">\n\t\t\t<div class=\"h1\" style=\"text-align: center;\"><span class=\"font-weight-300\">Abel<\/span> Navarro Batista<\/div>\n\n\t\t<\/div>\n\t<\/div>\n<div id=\"la_divider69d8c0eb5761a\" class=\"la-divider la-unit-responsive\" data-unit-target='#la_divider69d8c0eb5761a'  data-responsive-json-new='{&quot;padding-top&quot;:&quot;lg:25px;&quot;}' ><\/div>\n<\/div><\/div><\/div><\/div><div class=\"vc_row wpb_row vc_row-fluid vc_row-o-content-top vc_row-flex la_fp_slide la_fp_child_section\"><div class=\"wpb_column vc_column_container vc_col-sm-3\"><div class=\"vc_column-inner\"><div class=\"wpb_wrapper\"><div id=\"la-team-member-69d8c0eb57ca0\" class=\"wpb_content_element la-team-member\">\n        <div class=\"la-loop team-member-loop loop-style-4 grid-items xlg-grid-1-items lg-grid-1-items md-grid-1-items sm-grid-1-items xs-grid-1-items mb-grid-1-items\"><article class=\"loop-item grid-item team-member-item post-183 la_team_member type-la_team_member status-publish has-post-thumbnail hentry\">\n    <div class=\"item-inner\">\n        <div class=\"item--image\">\n            <a href=\"https:\/\/panleb.com\/en\/team-member\/abel-navarro-batista\/\"><img loading=\"lazy\" decoding=\"async\" width=\"207\" height=\"94\" src=\"https:\/\/panleb.com\/wp-content\/uploads\/2022\/09\/Mesa-de-trabajo-8.png\" class=\"attachment-thumbnail size-thumbnail wp-post-image\" alt=\"panleb\" \/><div class=\"item--overlay\"><\/div><\/a>\n        <\/div>\n        <div class=\"item--info\">\n            <h3 class=\"item--title\"><a href=\"https:\/\/panleb.com\/en\/team-member\/abel-navarro-batista\/\">Abel Navarro Batista<\/a><\/h3><p class=\"item--email item--with-icon\"><i class=\"fa-envelope\"><\/i>abelnavarro@panleb.com <\/p><div class=\"socials-color\"><div class=\"item--social member-social\"><a class=\"social-linkedin linkedin\" href=\"https:\/\/www.linkedin.com\/in\/abel-navarro-b-6b4052198\/%20\"><i class=\"fa fa-linkedin\"><\/i><\/a><a class=\"social-email email\" href=\"mailto:abelnavarro@panleb.com%20\"><i class=\"fa fa-envelope-o\"><\/i><\/a><\/div><\/div>        <\/div>\n    <\/div>\n<\/article><\/div>\n<!-- .team-member-loop -->\n    <\/div><div id=\"la_divider69d8c0eb59479\" class=\"la-divider la-unit-responsive\" data-unit-target='#la_divider69d8c0eb59479'  data-responsive-json-new='{&quot;padding-top&quot;:&quot;xlg:20px;&quot;}' ><\/div>\n<div id=\"la_divider69d8c0eb59559\" class=\"la-divider la-unit-responsive\" data-unit-target='#la_divider69d8c0eb59559'  data-responsive-json-new='{&quot;padding-top&quot;:&quot;lg:30px;&quot;}' ><\/div>\n<\/div><\/div><\/div><div class=\"wpb_column vc_column_container vc_col-sm-9\"><div class=\"vc_column-inner\"><div class=\"wpb_wrapper\"><div id=\"la-heading-69d8c0eb599c8\" class=\"la-headings text-center\" data-animation-class=\"\"><div class=\"subheading-tag la-unit-responsive\" style=\"\"  data-unit-target='#la-heading-69d8c0eb599c8 .subheading-tag'  data-responsive-json-new='{&quot;font-size&quot;:&quot;lg:23px;&quot;,&quot;line-height&quot;:&quot;lg:23px;&quot;}' ><p style=\"text-align: left;\">For more than a decade, Abel has provided legal advice to companies and entrepreneurs in the main economic sectors in Panama, including construction, real estate, energy, and retail.<\/p>\n<p style=\"text-align: left;\">His experience focuses on matters related to the areas of Corporate and Commercial Law, Litigation, Real Estate Law, Regulated Commercial Activities (energy, telecommunications, others), Labor and Immigration, as well as Intellectual Property Rights.<\/p>\n<p style=\"text-align: left;\">He was a professor at the Autonomous University of Chiriqu\u00ed where he taught Civil Procedural Law and Commercial Law.<\/p>\n<p style=\"text-align: left;\">He is a graduate of the Faculty of Law and Political Sciences of the University of Panama.\u00a0<strong>(2005)<\/strong>, during that same year he obtained his suitability. After holding public office in the Judicial Branch in the year <strong>2006<\/strong> founds Panama Legal Business.<\/p>\n<\/div><\/div>\n<div class=\"wpb_content_element la-timeline-wrap clearfix style-1\">\n    <div class=\"timeline-line\"><span><\/span><\/div>\n    <div class=\"timeline-wrapper\">\n        <div class=\"timeline-block\" data-animation-class=\"\">\n    <div class=\"timeline-dot\"><\/div>\n    <div class=\"timeline-arrow\"><\/div>\n    <div class=\"timeline-content-wrapper\">\n        <div class=\"timeline-content\">\n            <div class=\"timeline-subtitle\">2005<\/div>            <h3 class=\"timeline-title\">He is a graduate of the Faculty of Law and Political Sciences of the University of Panama.<\/h3>\n            <div class=\"timeline-entry\"><\/div>\n                                <\/div>\n    <\/div>\n<\/div><div class=\"timeline-block\" data-animation-class=\"\">\n    <div class=\"timeline-dot\"><\/div>\n    <div class=\"timeline-arrow\"><\/div>\n    <div class=\"timeline-content-wrapper\">\n        <div class=\"timeline-content\">\n            <div class=\"timeline-subtitle\">2006<\/div>            <h3 class=\"timeline-title\">Founded Panama Legal Business.<\/h3>\n            <div class=\"timeline-entry\"><\/div>\n                                <\/div>\n    <\/div>\n<\/div>    <\/div>\n<\/div>\n<\/div><\/div><\/div><\/div><div data-vc-full-width=\"true\" data-vc-full-width-temp=\"true\" data-vc-full-width-init=\"false\" class=\"vc_row wpb_row vc_row-fluid vc_row-o-content-middle vc_row-flex la_fp_slide la_fp_child_section\"><div class=\"wpb_column vc_column_container vc_col-sm-12 vc_col-md-offset-2 vc_col-md-8 vc_col-has-fill\"><div class=\"vc_column-inner vc_custom_1486478479461\"><div class=\"wpb_wrapper\"><div class='la_parallax_row' data-bg-align='' data-direction='down' data-opacity='100' data-velocity='-0.3' data-mobile-enabled='' data-bg-height='300' data-bg-width='1920' data-bg-image='https:\/\/panleb.com\/wp-content\/uploads\/2022\/09\/asesori.png' data-bg-repeat='false' data-id='' style='display: none'><\/div><div id=\"la_divider69d8c0eb5a979\" class=\"la-divider la-unit-responsive\" data-unit-target='#la_divider69d8c0eb5a979'  data-responsive-json-new='{&quot;padding-top&quot;:&quot;lg:30px;&quot;}' ><\/div>\n<div id=\"la-heading-69d8c0eb5ab3c\" class=\"la-headings text-center\" data-animation-class=\"\"><h2 class=\"heading-tag la-unit-responsive margin-bottom-25 letter-spacing-2 light\" style=\"color:#ffffff\"  data-unit-target='#la-heading-69d8c0eb5ab3c .heading-tag'  data-responsive-json-new='{&quot;font-size&quot;:&quot;md:40px;&quot;,&quot;line-height&quot;:&quot;&quot;}' >Do you need us to advise you?<\/h2><\/div>\n<div class=\"vc_btn3-container vc_btn3-center la-vc-btn\">\n\t<a class=\"vc_general vc_btn3 vc_btn3-size-lg vc_btn3-shape-rounded vc_btn3-style-outline vc_btn3-color-white\" href=\"http:\/\/panleb.com\/en\/pages\/contact-us-03\/\" title=\"Contact Us 03\">Contact Us<\/a><\/div>\n<div id=\"la_divider69d8c0eb5af9a\" class=\"la-divider la-unit-responsive\" data-unit-target='#la_divider69d8c0eb5af9a'  data-responsive-json-new='{&quot;padding-top&quot;:&quot;lg:30px;&quot;}' ><\/div>\n<\/div><\/div><\/div><\/div><div class=\"vc_row-full-width vc_clearfix\"><\/div>\n<\/div>","protected":false},"excerpt":{"rendered":"Por m\u00e1s de una d\u00e9cada Abel ha brindado asesor\u00eda legal a empresas y empresarios de los principales sectores econ\u00f3micos en Panam\u00e1, entre construcci\u00f3n, inmobiliario, energ\u00eda y retail. Su experiencia se concentra en asuntos relacionados a las \u00e1reas del Derecho Corporativo y Comercial, Litigios, Derecho Inmobiliario, Actividades Comerciales Reguladas (energ\u00eda, telecomunicaciones, otras), Laboral y Migratorio, al igual que Derechos de la Propiedad Intelectual. Fue profesor de la Universidad Aut\u00f3noma de Chiriqu\u00ed donde imparti\u00f3 las c\u00e1tedras de Derecho Procesal Civil y Derecho Comercial. Es egresado de la facultad de Derecho y Ciencias Pol\u00edticas de la Universidad de Panam\u00e1\u00a0(2005), durante ese mismo a\u00f1o&hellip;","protected":false},"author":2,"featured_media":0,"parent":0,"menu_order":0,"comment_status":"closed","ping_status":"closed","template":"","meta":{"_monsterinsights_skip_tracking":false,"_monsterinsights_sitenote_active":false,"_monsterinsights_sitenote_note":"","_monsterinsights_sitenote_category":0,"footnotes":""},"class_list":["post-2890","page","type-page","status-publish","hentry"],"aioseo_notices":[],"_links":{"self":[{"href":"https:\/\/panleb.com\/en\/wp-json\/wp\/v2\/pages\/2890","targetHints":{"allow":["GET"]}}],"collection":[{"href":"https:\/\/panleb.com\/en\/wp-json\/wp\/v2\/pages"}],"about":[{"href":"https:\/\/panleb.com\/en\/wp-json\/wp\/v2\/types\/page"}],"author":[{"embeddable":true,"href":"https:\/\/panleb.com\/en\/wp-json\/wp\/v2\/users\/2"}],"replies":[{"embeddable":true,"href":"https:\/\/panleb.com\/en\/wp-json\/wp\/v2\/comments?post=2890"}],"version-history":[{"count":0,"href":"https:\/\/panleb.com\/en\/wp-json\/wp\/v2\/pages\/2890\/revisions"}],"wp:attachment":[{"href":"https:\/\/panleb.com\/en\/wp-json\/wp\/v2\/media?parent=2890"}],"curies":[{"name":"wp","href":"https:\/\/api.w.org\/{rel}","templated":true}]}}