{"id":3273,"date":"2022-10-26T09:20:19","date_gmt":"2022-10-26T09:20:19","guid":{"rendered":"http:\/\/panleb.com\/?page_id=3273"},"modified":"2023-11-16T22:16:14","modified_gmt":"2023-11-16T22:16:14","slug":"blog-2","status":"publish","type":"page","link":"https:\/\/panleb.com\/en\/blog-2\/","title":{"rendered":"Blog"},"content":{"rendered":"<div class=\"wpb-content-wrapper\"><div class=\"vc_row wpb_row vc_row-fluid la_fp_slide la_fp_child_section\"><div class=\"wpb_column vc_column_container vc_col-sm-12\"><div class=\"vc_column-inner\"><div class=\"wpb_wrapper\"><div id=\"la-showposts-69eceb3a7fc1a\" class=\"wpb_content_element la-showposts\">\n    <div class=\"la-loop showposts-loop loop-style-1 showposts-grid grid-items blog-grid_1 xlg-grid-3-items lg-grid-3-items md-grid-1-items sm-grid-1-items xs-grid-1-items mb-grid-1-items\"><article class=\"loop-item grid-item post-item show-excerpt post-3711 post type-post status-publish format-standard has-post-thumbnail hentry category-blog\">\n    <div class=\"item-inner\">\n        <div class=\"item-inner-wrap\">\n                            <div class=\"entry-thumbnail blog-item-has-effect\">\n                    <a href=\"https:\/\/panleb.com\/en\/como-aplicar-la-visa-de-paises-amigos-por-razones-de-inversion-en-un-bien-inmueble\/\">\n                        <img loading=\"lazy\" decoding=\"async\" width=\"300\" height=\"300\" src=\"https:\/\/panleb.com\/wp-content\/uploads\/2022\/10\/passport-2642170_960_720-2000x1125-1-1140x684-1-300x300.jpg\" class=\"attachment-thumbnail size-thumbnail wp-post-image\" alt=\"Visa de pa\u00edses amigos en Panam\u00e1\" \/>                        <span class=\"pf-icon pf-icon-standard\"><\/span>\n                        <div class=\"item--overlay\"><\/div>\n                    <\/a>\n                <\/div>\n                        <div class=\"item-info clearfix\">\n                <header class=\"entry-header\">\n                    <h3 class=\"entry-title\"><a href=\"https:\/\/panleb.com\/en\/como-aplicar-la-visa-de-paises-amigos-por-razones-de-inversion-en-un-bien-inmueble\/\">How to apply for a visa from friendly countries for reasons of investment in real estate?<\/a><\/h3>                <\/header>\n                                    <div class=\"entry-meta clearfix\">\n                        <div class=\"pull-left\"><span class=\"posted-on\"><a href=\"https:\/\/panleb.com\/en\/como-aplicar-la-visa-de-paises-amigos-por-razones-de-inversion-en-un-bien-inmueble\/\" rel=\"bookmark\"><span class=\"screen-reader-text\">Posted on <\/span><time class=\"entry-date published\" datetime=\"2024-02-05T18:30:18+00:00\">February 5, 2024<\/time><time class=\"updated hidden\" datetime=\"2024-09-19T03:45:27+00:00\">September 19, 2024<\/time><\/a><\/span><span class=\"byline\"><span class=\"author vcard\"><a class=\"url fn n\" href=\"https:\/\/panleb.com\/en\"><span class=\"screen-reader-text\">by <\/span>emotional<\/a><\/span><\/span><\/div>\n                        <div class=\"pull-right\"><\/div>\n                    <\/div>\n                                            <div class=\"entry-excerpt\">Panama is a country with excellent conditions to live a quality life, which is why many foreigners from\u2026<\/div>\n                                        <footer class=\"entry-meta-footer clearfix\">\n                        <a class=\"link-readmore\" href=\"https:\/\/panleb.com\/en\/como-aplicar-la-visa-de-paises-amigos-por-razones-de-inversion-en-un-bien-inmueble\/\">Read more<\/a>\n                                            <\/footer>\n                            <\/div>\n        <\/div>\n    <\/div>\n<\/article><article class=\"loop-item grid-item post-item show-excerpt post-3709 post type-post status-publish format-standard has-post-thumbnail hentry category-blog\">\n    <div class=\"item-inner\">\n        <div class=\"item-inner-wrap\">\n                            <div class=\"entry-thumbnail blog-item-has-effect\">\n                    <a href=\"https:\/\/panleb.com\/en\/que-se-requiere-para-el-registro-de-naves-y-yates-en-panama\/\">\n                        <img loading=\"lazy\" decoding=\"async\" width=\"300\" height=\"300\" src=\"https:\/\/panleb.com\/wp-content\/uploads\/2022\/09\/f212a1_0d1453864d9e401387e8cec6751e5ae2_mv2-300x300.jpg\" class=\"attachment-thumbnail size-thumbnail wp-post-image\" alt=\"Registro de naves y yates en Panam\u00e1\" \/>                        <span class=\"pf-icon pf-icon-standard\"><\/span>\n                        <div class=\"item--overlay\"><\/div>\n                    <\/a>\n                <\/div>\n                        <div class=\"item-info clearfix\">\n                <header class=\"entry-header\">\n                    <h3 class=\"entry-title\"><a href=\"https:\/\/panleb.com\/en\/que-se-requiere-para-el-registro-de-naves-y-yates-en-panama\/\">What is required to register ships and yachts in Panama?<\/a><\/h3>                <\/header>\n                                    <div class=\"entry-meta clearfix\">\n                        <div class=\"pull-left\"><span class=\"posted-on\"><a href=\"https:\/\/panleb.com\/en\/que-se-requiere-para-el-registro-de-naves-y-yates-en-panama\/\" rel=\"bookmark\"><span class=\"screen-reader-text\">Posted on <\/span><time class=\"entry-date published\" datetime=\"2024-01-22T18:32:13+00:00\">January 22, 2024<\/time><time class=\"updated hidden\" datetime=\"2024-09-19T03:52:45+00:00\">September 19, 2024<\/time><\/a><\/span><span class=\"byline\"><span class=\"author vcard\"><a class=\"url fn n\" href=\"https:\/\/panleb.com\/en\"><span class=\"screen-reader-text\">by <\/span>emotional<\/a><\/span><\/span><\/div>\n                        <div class=\"pull-right\"><\/div>\n                    <\/div>\n                                            <div class=\"entry-excerpt\">Those who wish to enjoy sailing in the waters of Panama have to consider the regulatory framework and carry out the\u2026<\/div>\n                                        <footer class=\"entry-meta-footer clearfix\">\n                        <a class=\"link-readmore\" href=\"https:\/\/panleb.com\/en\/que-se-requiere-para-el-registro-de-naves-y-yates-en-panama\/\">Read more<\/a>\n                                            <\/footer>\n                            <\/div>\n        <\/div>\n    <\/div>\n<\/article><article class=\"loop-item grid-item post-item show-excerpt post-3691 post type-post status-publish format-standard has-post-thumbnail hentry category-blog\">\n    <div class=\"item-inner\">\n        <div class=\"item-inner-wrap\">\n                            <div class=\"entry-thumbnail blog-item-has-effect\">\n                    <a href=\"https:\/\/panleb.com\/en\/procedimientos-tributarios-en-panama-estrategias-para-cumplimiento-y-planificacion-fiscal\/\">\n                        <img loading=\"lazy\" decoding=\"async\" width=\"300\" height=\"300\" src=\"https:\/\/panleb.com\/wp-content\/uploads\/2022\/10\/male-hand-holding-pen-signing-legal-paper-at-desk-2022-08-01-04-03-06-utc-300x300.jpg\" class=\"attachment-thumbnail size-thumbnail wp-post-image\" alt=\"Procedimientos tributarios en Panam\u00e1\" \/>                        <span class=\"pf-icon pf-icon-standard\"><\/span>\n                        <div class=\"item--overlay\"><\/div>\n                    <\/a>\n                <\/div>\n                        <div class=\"item-info clearfix\">\n                <header class=\"entry-header\">\n                    <h3 class=\"entry-title\"><a href=\"https:\/\/panleb.com\/en\/procedimientos-tributarios-en-panama-estrategias-para-cumplimiento-y-planificacion-fiscal\/\">Tax procedures in Panama: Strategies for compliance and tax planning<\/a><\/h3>                <\/header>\n                                    <div class=\"entry-meta clearfix\">\n                        <div class=\"pull-left\"><span class=\"posted-on\"><a href=\"https:\/\/panleb.com\/en\/procedimientos-tributarios-en-panama-estrategias-para-cumplimiento-y-planificacion-fiscal\/\" rel=\"bookmark\"><span class=\"screen-reader-text\">Posted on <\/span><time class=\"entry-date published\" datetime=\"2024-01-16T14:44:51+00:00\">January 16, 2024<\/time><time class=\"updated hidden\" datetime=\"2024-09-19T03:55:20+00:00\">September 19, 2024<\/time><\/a><\/span><span class=\"byline\"><span class=\"author vcard\"><a class=\"url fn n\" href=\"https:\/\/panleb.com\/en\"><span class=\"screen-reader-text\">by <\/span>emotional<\/a><\/span><\/span><\/div>\n                        <div class=\"pull-right\"><\/div>\n                    <\/div>\n                                            <div class=\"entry-excerpt\">Panama is a country that has a lot to offer for its inhabitants, where you can breathe an air of constant growth...<\/div>\n                                        <footer class=\"entry-meta-footer clearfix\">\n                        <a class=\"link-readmore\" href=\"https:\/\/panleb.com\/en\/procedimientos-tributarios-en-panama-estrategias-para-cumplimiento-y-planificacion-fiscal\/\">Read more<\/a>\n                                            <\/footer>\n                            <\/div>\n        <\/div>\n    <\/div>\n<\/article><article class=\"loop-item grid-item post-item show-excerpt post-3690 post type-post status-publish format-standard has-post-thumbnail hentry category-blog\">\n    <div class=\"item-inner\">\n        <div class=\"item-inner-wrap\">\n                            <div class=\"entry-thumbnail blog-item-has-effect\">\n                    <a href=\"https:\/\/panleb.com\/en\/requisitos-legales-para-la-constitucion-de-sociedades-anonimas-en-panama\/\">\n                        <img loading=\"lazy\" decoding=\"async\" width=\"300\" height=\"300\" src=\"https:\/\/panleb.com\/wp-content\/uploads\/2017\/02\/home-07-work-01-300x300.jpg\" class=\"attachment-thumbnail size-thumbnail wp-post-image\" alt=\"Constituci\u00f3n de sociedades an\u00f3nimas en Panam\u00e1\" \/>                        <span class=\"pf-icon pf-icon-standard\"><\/span>\n                        <div class=\"item--overlay\"><\/div>\n                    <\/a>\n                <\/div>\n                        <div class=\"item-info clearfix\">\n                <header class=\"entry-header\">\n                    <h3 class=\"entry-title\"><a href=\"https:\/\/panleb.com\/en\/requisitos-legales-para-la-constitucion-de-sociedades-anonimas-en-panama\/\">Legal requirements for the incorporation of corporations in Panama<\/a><\/h3>                <\/header>\n                                    <div class=\"entry-meta clearfix\">\n                        <div class=\"pull-left\"><span class=\"posted-on\"><a href=\"https:\/\/panleb.com\/en\/requisitos-legales-para-la-constitucion-de-sociedades-anonimas-en-panama\/\" rel=\"bookmark\"><span class=\"screen-reader-text\">Posted on <\/span><time class=\"entry-date published\" datetime=\"2024-01-09T14:44:50+00:00\">January 9, 2024<\/time><time class=\"updated hidden\" datetime=\"2024-09-19T03:59:56+00:00\">September 19, 2024<\/time><\/a><\/span><span class=\"byline\"><span class=\"author vcard\"><a class=\"url fn n\" href=\"https:\/\/panleb.com\/en\"><span class=\"screen-reader-text\">by <\/span>emotional<\/a><\/span><\/span><\/div>\n                        <div class=\"pull-right\"><\/div>\n                    <\/div>\n                                            <div class=\"entry-excerpt\">Choosing the right legal structure for a company is crucial for its success and sustainable development, which is why\u2026<\/div>\n                                        <footer class=\"entry-meta-footer clearfix\">\n                        <a class=\"link-readmore\" href=\"https:\/\/panleb.com\/en\/requisitos-legales-para-la-constitucion-de-sociedades-anonimas-en-panama\/\">Read more<\/a>\n                                            <\/footer>\n                            <\/div>\n        <\/div>\n    <\/div>\n<\/article><article class=\"loop-item grid-item post-item show-excerpt post-3689 post type-post status-publish format-standard has-post-thumbnail hentry category-blog\">\n    <div class=\"item-inner\">\n        <div class=\"item-inner-wrap\">\n                            <div class=\"entry-thumbnail blog-item-has-effect\">\n                    <a href=\"https:\/\/panleb.com\/en\/proteccion-legal-de-marcas-y-patentes-en-panama-salvaguardando-la-innovacion-empresarial\/\">\n                        <img loading=\"lazy\" decoding=\"async\" width=\"300\" height=\"300\" src=\"https:\/\/panleb.com\/wp-content\/uploads\/2022\/10\/successful-businesswoman-standing-in-front-of-busi-2022-10-07-00-58-32-utc-1-scaled-300x300.jpg\" class=\"attachment-thumbnail size-thumbnail wp-post-image\" alt=\"Marcas y patentes en Panam\u00e1\" \/>                        <span class=\"pf-icon pf-icon-standard\"><\/span>\n                        <div class=\"item--overlay\"><\/div>\n                    <\/a>\n                <\/div>\n                        <div class=\"item-info clearfix\">\n                <header class=\"entry-header\">\n                    <h3 class=\"entry-title\"><a href=\"https:\/\/panleb.com\/en\/proteccion-legal-de-marcas-y-patentes-en-panama-salvaguardando-la-innovacion-empresarial\/\">Legal protection of trademarks and patents in Panama: Safeguarding business innovation<\/a><\/h3>                <\/header>\n                                    <div class=\"entry-meta clearfix\">\n                        <div class=\"pull-left\"><span class=\"posted-on\"><a href=\"https:\/\/panleb.com\/en\/proteccion-legal-de-marcas-y-patentes-en-panama-salvaguardando-la-innovacion-empresarial\/\" rel=\"bookmark\"><span class=\"screen-reader-text\">Posted on <\/span><time class=\"entry-date published\" datetime=\"2024-01-02T14:47:09+00:00\">January 2, 2024<\/time><time class=\"updated hidden\" datetime=\"2024-09-19T04:03:04+00:00\">September 19, 2024<\/time><\/a><\/span><span class=\"byline\"><span class=\"author vcard\"><a class=\"url fn n\" href=\"https:\/\/panleb.com\/en\"><span class=\"screen-reader-text\">by <\/span>emotional<\/a><\/span><\/span><\/div>\n                        <div class=\"pull-right\"><\/div>\n                    <\/div>\n                                            <div class=\"entry-excerpt\">The path to the future is full of possibilities. With so many minds operating today, innovation in many\u2026<\/div>\n                                        <footer class=\"entry-meta-footer clearfix\">\n                        <a class=\"link-readmore\" href=\"https:\/\/panleb.com\/en\/proteccion-legal-de-marcas-y-patentes-en-panama-salvaguardando-la-innovacion-empresarial\/\">Read more<\/a>\n                                            <\/footer>\n                            <\/div>\n        <\/div>\n    <\/div>\n<\/article><article class=\"loop-item grid-item post-item show-excerpt post-3636 post type-post status-publish format-standard has-post-thumbnail hentry category-blog\">\n    <div class=\"item-inner\">\n        <div class=\"item-inner-wrap\">\n                            <div class=\"entry-thumbnail blog-item-has-effect\">\n                    <a href=\"https:\/\/panleb.com\/en\/aspectos-a-considerar-al-requerir-permisos-migratorios-en-panama\/\">\n                        <img loading=\"lazy\" decoding=\"async\" width=\"300\" height=\"300\" src=\"https:\/\/panleb.com\/wp-content\/uploads\/2022\/10\/checking-contract-2021-08-26-19-52-09-utc-300x300.jpg\" class=\"attachment-thumbnail size-thumbnail wp-post-image\" alt=\"abogados especialistas en migraci\u00f3n\" \/>                        <span class=\"pf-icon pf-icon-standard\"><\/span>\n                        <div class=\"item--overlay\"><\/div>\n                    <\/a>\n                <\/div>\n                        <div class=\"item-info clearfix\">\n                <header class=\"entry-header\">\n                    <h3 class=\"entry-title\"><a href=\"https:\/\/panleb.com\/en\/aspectos-a-considerar-al-requerir-permisos-migratorios-en-panama\/\">Aspects to consider when requiring immigration permits in Panama<\/a><\/h3>                <\/header>\n                                    <div class=\"entry-meta clearfix\">\n                        <div class=\"pull-left\"><span class=\"posted-on\"><a href=\"https:\/\/panleb.com\/en\/aspectos-a-considerar-al-requerir-permisos-migratorios-en-panama\/\" rel=\"bookmark\"><span class=\"screen-reader-text\">Posted on <\/span><time class=\"entry-date published\" datetime=\"2023-11-30T22:17:06+00:00\">November 30, 2023<\/time><time class=\"updated hidden\" datetime=\"2023-11-16T22:26:45+00:00\">November 16, 2023<\/time><\/a><\/span><span class=\"byline\"><span class=\"author vcard\"><a class=\"url fn n\" href=\"https:\/\/panleb.com\/en\"><span class=\"screen-reader-text\">by <\/span>emotional<\/a><\/span><\/span><\/div>\n                        <div class=\"pull-right\"><\/div>\n                    <\/div>\n                                            <div class=\"entry-excerpt\"><p>When it comes to legal processes, it can sometimes be difficult to identify where to start. Immigration lawyers\u2026<\/p>\n<\/div>\n                                        <footer class=\"entry-meta-footer clearfix\">\n                        <a class=\"link-readmore\" href=\"https:\/\/panleb.com\/en\/aspectos-a-considerar-al-requerir-permisos-migratorios-en-panama\/\">Read more<\/a>\n                                            <\/footer>\n                            <\/div>\n        <\/div>\n    <\/div>\n<\/article><\/div>\n<!-- .posts-loop -->    <\/div><\/div><\/div><\/div><\/div>\n<\/div>","protected":false},"excerpt":{"rendered":"When it comes to legal processes, it can sometimes be difficult to identify where to start. Lawyers specializing in migration will always be the best option if you are looking for professional help to achieve successful management in this area. Next, we will present the key aspects to keep in mind when requiring legal advice on migration. Knowledge and experience A lawyer is a professional competent to carry out the tasks corresponding to the legal system. That is, it has the necessary knowledge and skills related to local and national laws, as the case may be. Have the support\u2026","protected":false},"author":2,"featured_media":0,"parent":0,"menu_order":0,"comment_status":"closed","ping_status":"closed","template":"","meta":{"_monsterinsights_skip_tracking":false,"_monsterinsights_sitenote_active":false,"_monsterinsights_sitenote_note":"","_monsterinsights_sitenote_category":0,"footnotes":""},"class_list":["post-3273","page","type-page","status-publish","hentry"],"aioseo_notices":[],"_links":{"self":[{"href":"https:\/\/panleb.com\/en\/wp-json\/wp\/v2\/pages\/3273","targetHints":{"allow":["GET"]}}],"collection":[{"href":"https:\/\/panleb.com\/en\/wp-json\/wp\/v2\/pages"}],"about":[{"href":"https:\/\/panleb.com\/en\/wp-json\/wp\/v2\/types\/page"}],"author":[{"embeddable":true,"href":"https:\/\/panleb.com\/en\/wp-json\/wp\/v2\/users\/2"}],"replies":[{"embeddable":true,"href":"https:\/\/panleb.com\/en\/wp-json\/wp\/v2\/comments?post=3273"}],"version-history":[{"count":1,"href":"https:\/\/panleb.com\/en\/wp-json\/wp\/v2\/pages\/3273\/revisions"}],"predecessor-version":[{"id":3633,"href":"https:\/\/panleb.com\/en\/wp-json\/wp\/v2\/pages\/3273\/revisions\/3633"}],"wp:attachment":[{"href":"https:\/\/panleb.com\/en\/wp-json\/wp\/v2\/media?parent=3273"}],"curies":[{"name":"wp","href":"https:\/\/api.w.org\/{rel}","templated":true}]}}