{"id":34,"date":"2022-09-04T21:46:28","date_gmt":"2022-09-04T21:46:28","guid":{"rendered":"http:\/\/panleb.com\/?page_id=34"},"modified":"2023-01-04T13:47:41","modified_gmt":"2023-01-04T13:47:41","slug":"como-obtener-el-permiso-de-trabajo-en-panama-todo-lo-que-necesitas-saber","status":"publish","type":"page","link":"https:\/\/panleb.com\/en\/como-obtener-el-permiso-de-trabajo-en-panama-todo-lo-que-necesitas-saber\/","title":{"rendered":"How to obtain a work permit in Panama? All you need to know"},"content":{"rendered":"<div class=\"wpb-content-wrapper\"><div class=\"vc_row wpb_row vc_row-fluid la_fp_slide la_fp_child_section\"><div class=\"wpb_column vc_column_container vc_col-sm-12\"><div class=\"vc_column-inner\"><div class=\"wpb_wrapper\">\n\t<div class=\"wpb_text_column wpb_content_element\" >\n\t\t<div class=\"wpb_wrapper\">\n\t\t\t<p>In Panama it is very common to find people constantly looking for job opportunities. This is because the options are many and the conditions are good. For this reason, one of the most requested services in Panama Legal Business is to carry out the\u00a0\u00a0<strong>work permit in Panama<\/strong>.<\/p>\n<p>Obtain residency and\u00a0<strong>work permit in Panama<\/strong>\u00a0It is the dream of many. For this reason, they can count on the services of Panama Legal Business to deal with their immigration matters, since one of their specialties is dealing with all the necessary procedures with the national immigration service.<\/p>\n<p>&nbsp;<\/p>\n<h2 class=\"wp-block-heading\">In addition, the firm is responsible for various other processes that are related to the Panama migration service.<\/h2>\n<p>&nbsp;<\/p>\n<ul class=\"wp-block-list\">\n<li>Panama work permit;<\/li>\n<li>Temporary visitor visa as a student;<\/li>\n<li>Visa under resolution of the Ministry of Labor;<\/li>\n<li>Permanent residence visa in friendly countries;<\/li>\n<li>Multiple entry and exit visa;<\/li>\n<li>Work visa processing for foreigners.<\/li>\n<\/ul>\n<p>&nbsp;<\/p>\n<h2 class=\"wp-block-heading\">Panama Legal Business is a firm specialized in services for immigration procedures in Panama<\/h2>\n<p>Panleb is a company that is recognized throughout the Panama region, which fulfills the role of advising its clients before the consulates and the National Immigration Service to guarantee all their\u00a0<strong>Power of attorney rights and Panama work permit application.\u00a0<\/strong><\/p>\n<p>The firm has been in business for ten years and, during this period, has earned the trust of its clients by providing them with the best migration experience possible.<\/p>\n<p>Among the main characteristics of this firm that makes\u00a0<strong>Panama migration service<\/strong>\u00a0are the commitment to the quality of their services, discipline and organization in their work, and also the guarantee of delivering the best results to their clients.<\/p>\n<p>His vast experience in this legal area allows his clients to leave satisfied, with all their immigration procedures completed and with the peace of mind of being able to be in Panama without any problem.<\/p>\n<p>&nbsp;<\/p>\n<p>&nbsp;<\/p>\n<p>&nbsp;<\/p>\n\n\t\t<\/div>\n\t<\/div>\n<\/div><\/div><\/div><\/div><\/div>","protected":false},"excerpt":{"rendered":"En Panam\u00e1 es muy com\u00fan encontrar a personas constantemente buscando oportunidades de trabajo. Eso porque las opciones son muchas y las condiciones son buenas. Por eso, una de los servicios m\u00e1s solicitados en Panama Legal Business es para realizar el tr\u00e1mite de\u00a0\u00a0permiso de trabajo en\u00a0 Panam\u00e1. Obtener la residencia y\u00a0 el\u00a0permiso de trabajo en\u00a0 Panam\u00e1\u00a0es el sue\u00f1o de muchos. Por ello, pueden contar con los servicios de Panama Legal Business para tratar de sus asuntos\u00a0 migratorios\u00a0 ya que una de sus especialidades es tratar de todos los tr\u00e1mites necesarios con el servicio nacional de migraci\u00f3n. &nbsp; Adem\u00e1s, la firma es&hellip;","protected":false},"author":2,"featured_media":0,"parent":0,"menu_order":0,"comment_status":"closed","ping_status":"closed","template":"","meta":{"_monsterinsights_skip_tracking":false,"_monsterinsights_sitenote_active":false,"_monsterinsights_sitenote_note":"","_monsterinsights_sitenote_category":0,"footnotes":""},"class_list":["post-34","page","type-page","status-publish","hentry"],"aioseo_notices":[],"_links":{"self":[{"href":"https:\/\/panleb.com\/en\/wp-json\/wp\/v2\/pages\/34","targetHints":{"allow":["GET"]}}],"collection":[{"href":"https:\/\/panleb.com\/en\/wp-json\/wp\/v2\/pages"}],"about":[{"href":"https:\/\/panleb.com\/en\/wp-json\/wp\/v2\/types\/page"}],"author":[{"embeddable":true,"href":"https:\/\/panleb.com\/en\/wp-json\/wp\/v2\/users\/2"}],"replies":[{"embeddable":true,"href":"https:\/\/panleb.com\/en\/wp-json\/wp\/v2\/comments?post=34"}],"version-history":[{"count":1,"href":"https:\/\/panleb.com\/en\/wp-json\/wp\/v2\/pages\/34\/revisions"}],"predecessor-version":[{"id":3556,"href":"https:\/\/panleb.com\/en\/wp-json\/wp\/v2\/pages\/34\/revisions\/3556"}],"wp:attachment":[{"href":"https:\/\/panleb.com\/en\/wp-json\/wp\/v2\/media?parent=34"}],"curies":[{"name":"wp","href":"https:\/\/api.w.org\/{rel}","templated":true}]}}